{"id":2837,"date":"2025-04-22T12:04:44","date_gmt":"2025-04-22T12:04:44","guid":{"rendered":"https:\/\/yunoni.nl\/?page_id=2837"},"modified":"2025-06-10T09:01:52","modified_gmt":"2025-06-10T07:01:52","slug":"individuele-therapie","status":"publish","type":"page","link":"https:\/\/yunoni.nl\/nl\/therapie\/individuele-therapie\/","title":{"rendered":"Individuele Therapie"},"content":{"rendered":"<div class=\"wpb-content-wrapper\"><p>[vc_row css=&#8221;.vc_custom_1745324476608{padding-bottom: 20px !important;background-color: #FFFFFF !important;}&#8221;][vc_column css=&#8221;.vc_custom_1575970423449{padding-top: 110px !important;padding-bottom: 61px !important;}&#8221;][vc_row_inner row_content_width=&#8221;grid&#8221;][vc_column_inner width=&#8221;7\/12&#8243;][vc_column_text css=&#8221;.vc_custom_1749538913221{margin-bottom: 27px !important;}&#8221;]<\/p>\n<h2>Ruimte voor jezelf, rust in je hoofd<\/h2>\n<p>Soms nemen oude delen in onszelf het over \u2014 stemmen die willen pleasen, controleren of beschermen. Juist in moeilijke momenten verdwijnt ons volwassen zelf even naar de achtergrond.<\/p>\n<p><em>Deze foto verbeeldt hoe \u00e9\u00e9n persoon van binnen wordt be\u00efnvloed, soms zelfs geleid, door zo\u2019n deel. Individuele therapie helpt je om deze dynamiek te herkennen en weer vanuit je eigen kracht te reageren.<\/em>[\/vc_column_text][\/vc_column_inner][vc_column_inner width=&#8221;1\/3&#8243; offset=&#8221;vc_col-lg-offset-1&#8243;][vc_single_image image=&#8221;2868&#8243; img_size=&#8221;full&#8221; style=&#8221;vc_box_rounded&#8221; css=&#8221;&#8221;][\/vc_column_inner][\/vc_row_inner][\/vc_column][\/vc_row][vc_row css=&#8221;.vc_custom_1745833568376{padding-bottom: 25px !important;background-color: #f6f3ee !important;}&#8221;][vc_column css=&#8221;.vc_custom_1575970423449{padding-top: 110px !important;padding-bottom: 61px !important;}&#8221;][vc_row_inner row_content_width=&#8221;grid&#8221;][vc_column_inner offset=&#8221;vc_col-lg-12 vc_col-md-12 vc_col-xs-12&#8243;][vc_column_text css=&#8221;.vc_custom_1748291844254{margin-bottom: 27px !important;}&#8221;]<\/p>\n<h2 aria-level=\"2\"><span data-contrast=\"none\">Wat levert individuele therapie jou op?<\/span><span data-ccp-props=\"{&quot;134245418&quot;:true,&quot;134245529&quot;:true,&quot;335559738&quot;:160,&quot;335559739&quot;:80}\">\u00a0<\/span><\/h2>\n<p><span data-contrast=\"auto\">De gesprekken geven je inzicht in je gedrag, gevoelens en gedachten. Je ontdekt waar jouw patronen vandaan komen en hoe je daar anders mee om kunt gaan. Daardoor ontstaat er ruimte om keuzes te maken die bij jou passen.<\/span><span data-ccp-props=\"{}\">\u00a0<\/span><\/p>\n<p><span data-contrast=\"auto\">Individuele therapie helpt je weer grip te krijgen op je leven. Veel cli\u00ebnten ervaren meer zelfvertrouwen, rust in hun hoofd en een dieper gevoel van verbondenheid met zichzelf. Dat geeft kracht en richting, juist op de momenten dat het moeilijk is.<\/span><span data-ccp-props=\"{}\">\u00a0<\/span><\/p>\n<p><span data-ccp-props=\"{}\">\u00a0<\/span><\/p>\n<h2 aria-level=\"2\"><span data-contrast=\"none\">Voor welke thema\u2019s kun je bij Yunoni terecht?<\/span><span data-ccp-props=\"{&quot;134245418&quot;:true,&quot;134245529&quot;:true,&quot;335559738&quot;:160,&quot;335559739&quot;:80}\">\u00a0<\/span><\/h2>\n<p><span data-contrast=\"auto\">Iedere hulpvraag is uniek. Toch zijn er veel terugkerende thema\u2019s waarbij individuele therapie uitkomst biedt. Denk bijvoorbeeld aan:<\/span><span data-ccp-props=\"{}\">\u00a0<\/span><\/p>\n<ul>\n<li data-leveltext=\"\uf0b7\" data-font=\"Symbol\" data-listid=\"4\" data-list-defn-props=\"{&quot;335552541&quot;:1,&quot;335559685&quot;:720,&quot;335559991&quot;:360,&quot;469769226&quot;:&quot;Symbol&quot;,&quot;469769242&quot;:[8226],&quot;469777803&quot;:&quot;left&quot;,&quot;469777804&quot;:&quot;\uf0b7&quot;,&quot;469777815&quot;:&quot;multilevel&quot;}\" aria-setsize=\"-1\" data-aria-posinset=\"1\" data-aria-level=\"1\"><span data-contrast=\"auto\">Somberheid, angst of innerlijke onrust<\/span><span data-ccp-props=\"{}\">\u00a0<\/span><\/li>\n<\/ul>\n<ul>\n<li data-leveltext=\"\uf0b7\" data-font=\"Symbol\" data-listid=\"4\" data-list-defn-props=\"{&quot;335552541&quot;:1,&quot;335559685&quot;:720,&quot;335559991&quot;:360,&quot;469769226&quot;:&quot;Symbol&quot;,&quot;469769242&quot;:[8226],&quot;469777803&quot;:&quot;left&quot;,&quot;469777804&quot;:&quot;\uf0b7&quot;,&quot;469777815&quot;:&quot;multilevel&quot;}\" aria-setsize=\"-1\" data-aria-posinset=\"2\" data-aria-level=\"1\"><span data-contrast=\"auto\">Burn-out, stress en overspanning<\/span><span data-ccp-props=\"{}\">\u00a0<\/span><\/li>\n<\/ul>\n<ul>\n<li data-leveltext=\"\uf0b7\" data-font=\"Symbol\" data-listid=\"4\" data-list-defn-props=\"{&quot;335552541&quot;:1,&quot;335559685&quot;:720,&quot;335559991&quot;:360,&quot;469769226&quot;:&quot;Symbol&quot;,&quot;469769242&quot;:[8226],&quot;469777803&quot;:&quot;left&quot;,&quot;469777804&quot;:&quot;\uf0b7&quot;,&quot;469777815&quot;:&quot;multilevel&quot;}\" aria-setsize=\"-1\" data-aria-posinset=\"3\" data-aria-level=\"1\"><span data-contrast=\"auto\">Rouw, verlies of onverwerkt trauma<\/span><span data-ccp-props=\"{}\">\u00a0<\/span><\/li>\n<\/ul>\n<ul>\n<li data-leveltext=\"\uf0b7\" data-font=\"Symbol\" data-listid=\"4\" data-list-defn-props=\"{&quot;335552541&quot;:1,&quot;335559685&quot;:720,&quot;335559991&quot;:360,&quot;469769226&quot;:&quot;Symbol&quot;,&quot;469769242&quot;:[8226],&quot;469777803&quot;:&quot;left&quot;,&quot;469777804&quot;:&quot;\uf0b7&quot;,&quot;469777815&quot;:&quot;multilevel&quot;}\" aria-setsize=\"-1\" data-aria-posinset=\"4\" data-aria-level=\"1\"><span data-contrast=\"auto\">Perfectionisme en faalangst<\/span><span data-ccp-props=\"{}\">\u00a0<\/span><\/li>\n<\/ul>\n<ul>\n<li data-leveltext=\"\uf0b7\" data-font=\"Symbol\" data-listid=\"4\" data-list-defn-props=\"{&quot;335552541&quot;:1,&quot;335559685&quot;:720,&quot;335559991&quot;:360,&quot;469769226&quot;:&quot;Symbol&quot;,&quot;469769242&quot;:[8226],&quot;469777803&quot;:&quot;left&quot;,&quot;469777804&quot;:&quot;\uf0b7&quot;,&quot;469777815&quot;:&quot;multilevel&quot;}\" aria-setsize=\"-1\" data-aria-posinset=\"5\" data-aria-level=\"1\"><span data-contrast=\"auto\">Zingevingsvragen of identiteitsproblemen<\/span><span data-ccp-props=\"{}\">\u00a0<\/span><\/li>\n<\/ul>\n<ul>\n<li data-leveltext=\"\uf0b7\" data-font=\"Symbol\" data-listid=\"4\" data-list-defn-props=\"{&quot;335552541&quot;:1,&quot;335559685&quot;:720,&quot;335559991&quot;:360,&quot;469769226&quot;:&quot;Symbol&quot;,&quot;469769242&quot;:[8226],&quot;469777803&quot;:&quot;left&quot;,&quot;469777804&quot;:&quot;\uf0b7&quot;,&quot;469777815&quot;:&quot;multilevel&quot;}\" aria-setsize=\"-1\" data-aria-posinset=\"6\" data-aria-level=\"1\"><span data-contrast=\"auto\">Relatieproblemen of gevoelens van eenzaamheid<\/span><span data-ccp-props=\"{}\">\u00a0<\/span><\/li>\n<\/ul>\n<ul>\n<li data-leveltext=\"\uf0b7\" data-font=\"Symbol\" data-listid=\"4\" data-list-defn-props=\"{&quot;335552541&quot;:1,&quot;335559685&quot;:720,&quot;335559991&quot;:360,&quot;469769226&quot;:&quot;Symbol&quot;,&quot;469769242&quot;:[8226],&quot;469777803&quot;:&quot;left&quot;,&quot;469777804&quot;:&quot;\uf0b7&quot;,&quot;469777815&quot;:&quot;multilevel&quot;}\" aria-setsize=\"-1\" data-aria-posinset=\"7\" data-aria-level=\"1\"><span data-contrast=\"auto\">Grenzen aangeven en jezelf niet meer wegcijferen<\/span><span data-ccp-props=\"{}\">\u00a0<\/span><\/li>\n<\/ul>\n<ul>\n<li data-leveltext=\"\uf0b7\" data-font=\"Symbol\" data-listid=\"4\" data-list-defn-props=\"{&quot;335552541&quot;:1,&quot;335559685&quot;:720,&quot;335559991&quot;:360,&quot;469769226&quot;:&quot;Symbol&quot;,&quot;469769242&quot;:[8226],&quot;469777803&quot;:&quot;left&quot;,&quot;469777804&quot;:&quot;\uf0b7&quot;,&quot;469777815&quot;:&quot;multilevel&quot;}\" aria-setsize=\"-1\" data-aria-posinset=\"8\" data-aria-level=\"1\"><span data-contrast=\"auto\">Het gevoel niet goed genoeg te zijn<\/span><span data-ccp-props=\"{}\">\u00a0<\/span><\/li>\n<\/ul>\n<p><span data-contrast=\"auto\">Of je nu al jaren met iets rondloopt of pas recent bent vastgelopen: je bent welkom zoals je bent. Samen kijken we naar wat er speelt en hoe je verder kunt.<\/span><span data-ccp-props=\"{}\">\u00a0<\/span><\/p>\n<p>&nbsp;<\/p>\n<h2 aria-level=\"2\"><span data-contrast=\"none\">Hoe ziet individuele therapie bij Yunoni eruit?<\/span><span data-ccp-props=\"{&quot;134245418&quot;:true,&quot;134245529&quot;:true,&quot;335559738&quot;:160,&quot;335559739&quot;:80}\">\u00a0<\/span><\/h2>\n<p><span data-contrast=\"auto\">In mijn praktijk werk ik met trajecten van gemiddeld 6 tot 10 sessies. Korte, gerichte begeleiding die vaak al snel een verschil maakt. Veel mensen merken na enkele gesprekken al meer rust, helderheid en richting.<\/span><span data-ccp-props=\"{}\">\u00a0<\/span><\/p>\n<p><span data-contrast=\"auto\">Mijn werkwijze is integratief. Dat betekent dat ik verschillende therapeutische stromingen combineer, afgestemd op jouw persoonlijke situatie. We kijken naar jou als geheel: hoofd, hart, lichaam en omgeving. Zo komen we snel tot de kern en werken we aan oplossingen die echt bij jou passen.<\/span><span data-ccp-props=\"{}\">\u00a0<\/span><\/p>\n<p><span data-ccp-props=\"{}\">\u00a0<\/span>[\/vc_column_text][\/vc_column_inner][\/vc_row_inner][\/vc_column][\/vc_row][vc_row css=&#8221;.vc_custom_1746095133343{padding-bottom: 25px !important;background-color: #FFFFFF !important;}&#8221;][vc_column css=&#8221;.vc_custom_1575970423449{padding-top: 110px !important;padding-bottom: 61px !important;}&#8221;][vc_row_inner row_content_width=&#8221;grid&#8221;][vc_column_inner width=&#8221;1\/2&#8243; offset=&#8221;vc_col-lg-6 vc_col-md-12 vc_col-xs-12&#8243;][vc_column_text css=&#8221;.vc_custom_1748291868488{margin-bottom: 27px !important;}&#8221;]<\/p>\n<h2 aria-level=\"2\"><span data-contrast=\"none\">Een persoonlijke aanpak, helemaal afgestemd op jou<\/span><span data-ccp-props=\"{&quot;134245418&quot;:true,&quot;134245529&quot;:true,&quot;335559738&quot;:160,&quot;335559739&quot;:80}\">\u00a0<\/span><\/h2>\n<p><span data-contrast=\"auto\">Geen mens is hetzelfde, en dus ook geen therapietraject. In individuele therapie krijg je begeleiding die past bij jouw verhaal, achtergrond en tempo. We werken met wat n\u00fa nodig is, zonder vaste formats of standaardoplossingen.<\/span><span data-ccp-props=\"{}\">\u00a0<\/span><\/p>\n<p><span data-contrast=\"auto\">Door te luisteren naar wat jouw lichaam, gedachten en emoties vertellen, ontdek je waar je ruimte kunt maken. Wat mag er anders? Wat wil gehoord worden? Zo bouwen we samen aan duurzame verandering, op een manier die bij jou past.<\/span><span data-ccp-props=\"{}\">\u00a0<\/span>[\/vc_column_text][\/vc_column_inner][vc_column_inner width=&#8221;1\/2&#8243;][vc_column_text css=&#8221;.vc_custom_1748291888269{margin-bottom: 27px !important;}&#8221;]<\/p>\n<h2><span class=\"TextRun SCXW173799809 BCX0\" lang=\"NL-NL\" xml:lang=\"NL-NL\" data-contrast=\"none\"><span class=\"NormalTextRun SCXW173799809 BCX0\" data-ccp-parastyle=\"heading 2\">Waarom kiezen voor individuele therapie bij <\/span><span class=\"NormalTextRun SpellingErrorV2Themed SCXW173799809 BCX0\" data-ccp-parastyle=\"heading 2\">Yunoni<\/span><span class=\"NormalTextRun SCXW173799809 BCX0\" data-ccp-parastyle=\"heading 2\">?<\/span><\/span><span class=\"EOP SCXW173799809 BCX0\" data-ccp-props=\"{&quot;134245418&quot;:true,&quot;134245529&quot;:true,&quot;335559738&quot;:160,&quot;335559739&quot;:80}\">\u00a0<\/span><\/h2>\n<p>[\/vc_column_text]<div class=\"qodef-icon-list-item qodef-icon--icon-pack\" >\n\t<p class=\"qodef-e-title\" >\n\t\t\t\t\t<span class=\"qodef-e-title-inner\">\n\t\t\t\t<span class=\"qodef-shortcode qodef-m qodef-icon-holder qodef-size--medium qodef-layout--normal\"  style=\"margin: 0px 20px 0px 0px\">\t        <span class=\"qodef-icon-font-awesome fa fa-check qodef-icon qodef-e\" style=\"color: #A15547\" ><\/span>    <\/span>\t\t\t\t<span class=\"qodef-e-title-text\">Jij staat centraal, in een warme en veilige setting<\/span>\n\t\t\t<\/span>\n\t\t\t<\/p>\n<\/div><div class=\"qodef-icon-list-item qodef-icon--icon-pack\" >\n\t<p class=\"qodef-e-title\" >\n\t\t\t\t\t<span class=\"qodef-e-title-inner\">\n\t\t\t\t<span class=\"qodef-shortcode qodef-m qodef-icon-holder qodef-size--medium qodef-layout--normal\"  style=\"margin: 0px 20px 0px 0px\">\t        <span class=\"qodef-icon-font-awesome fa fa-check qodef-icon qodef-e\" style=\"color: #A15547\" ><\/span>    <\/span>\t\t\t\t<span class=\"qodef-e-title-text\">Persoonlijke aanpak, afgestemd op jouw behoeften<\/span>\n\t\t\t<\/span>\n\t\t\t<\/p>\n<\/div><div class=\"qodef-icon-list-item qodef-icon--icon-pack\" >\n\t<p class=\"qodef-e-title\" >\n\t\t\t\t\t<span class=\"qodef-e-title-inner\">\n\t\t\t\t<span class=\"qodef-shortcode qodef-m qodef-icon-holder qodef-size--medium qodef-layout--normal\"  style=\"margin: 0px 20px 0px 0px\">\t        <span class=\"qodef-icon-font-awesome fa fa-check qodef-icon qodef-e\" style=\"color: #A15547\" ><\/span>    <\/span>\t\t\t\t<span class=\"qodef-e-title-text\">Geen jarenlange trajecten, maar gerichte sessies met impact<\/span>\n\t\t\t<\/span>\n\t\t\t<\/p>\n<\/div><div class=\"qodef-icon-list-item qodef-icon--icon-pack\" >\n\t<p class=\"qodef-e-title\" >\n\t\t\t\t\t<span class=\"qodef-e-title-inner\">\n\t\t\t\t<span class=\"qodef-shortcode qodef-m qodef-icon-holder qodef-size--medium qodef-layout--normal\"  style=\"margin: 0px 20px 0px 0px\">\t        <span class=\"qodef-icon-font-awesome fa fa-check qodef-icon qodef-e\" style=\"color: #A15547\" ><\/span>    <\/span>\t\t\t\t<span class=\"qodef-e-title-text\">Gesprekken in het Nederlands of Engels<\/span>\n\t\t\t<\/span>\n\t\t\t<\/p>\n<\/div><div class=\"qodef-icon-list-item qodef-icon--icon-pack\" >\n\t<p class=\"qodef-e-title\" >\n\t\t\t\t\t<span class=\"qodef-e-title-inner\">\n\t\t\t\t<span class=\"qodef-shortcode qodef-m qodef-icon-holder qodef-size--medium qodef-layout--normal\"  style=\"margin: 0px 20px 0px 0px\">\t        <span class=\"qodef-icon-font-awesome fa fa-check qodef-icon qodef-e\" style=\"color: #A15547\" ><\/span>    <\/span>\t\t\t\t<span class=\"qodef-e-title-text\">Mogelijkheid tot online therapie<\/span>\n\t\t\t<\/span>\n\t\t\t<\/p>\n<\/div>[vc_column_text css=&#8221;&#8221;]<span class=\"TextRun SCXW224436872 BCX0\" lang=\"NL-NL\" xml:lang=\"NL-NL\" data-contrast=\"auto\"><span class=\"NormalTextRun SCXW224436872 BCX0\">Ik geloof dat iedereen de kracht in zich heeft om te groeien, ook als het donker is. Met individuele therapie bij <\/span><span class=\"NormalTextRun SpellingErrorV2Themed SCXW224436872 BCX0\">Yunoni<\/span><span class=\"NormalTextRun SCXW224436872 BCX0\"> krijg je steun, richting en helderheid op je pad.<\/span><\/span><span class=\"EOP SCXW224436872 BCX0\" data-ccp-props=\"{}\">\u00a0<\/span>[\/vc_column_text][\/vc_column_inner][\/vc_row_inner][\/vc_column][\/vc_row][vc_row css=&#8221;.vc_custom_1746612678155{padding-bottom: 50px !important;background-color: #F6F3EE !important;}&#8221;][vc_column css=&#8221;.vc_custom_1575970423449{padding-top: 110px !important;padding-bottom: 61px !important;}&#8221;][vc_row_inner row_content_width=&#8221;grid&#8221;][vc_column_inner width=&#8221;7\/12&#8243;][vc_column_text css=&#8221;.vc_custom_1748292009664{margin-bottom: 27px !important;}&#8221;]<\/p>\n<h2 aria-level=\"2\"><span data-contrast=\"none\">Zet de eerste stap naar innerlijke rust<\/span><span data-ccp-props=\"{&quot;134245418&quot;:true,&quot;134245529&quot;:true,&quot;335559738&quot;:160,&quot;335559739&quot;:80}\">\u00a0<\/span><\/h2>\n<p><span data-contrast=\"auto\">Ben je klaar om te investeren in jezelf? Wil je meer balans, energie en ruimte in je leven? Maak dan gebruik van het gratis en vrijblijvende kennismakingsgesprek. We bespreken samen wat er speelt, wat je nodig hebt en of mijn begeleiding bij je past.<\/span><span data-ccp-props=\"{}\">\u00a0<\/span><\/p>\n<p><span data-contrast=\"auto\">Individuele therapie kan je helpen om weer in beweging te komen. Om jezelf serieus te nemen, zonder oordeel. Ik kijk ernaar uit om met je mee te lopen op weg naar meer rust, helderheid en vertrouwen.<\/span><span data-ccp-props=\"{}\">\u00a0<\/span>[\/vc_column_text]<a class=\"qodef-shortcode qodef-m qodef-button qodef-layout--filled qodef-size--large qodef-html--link\" href=\"https:\/\/yunoni.nl\/contact\/\" target=\"_self\" data-hover-color=\"#FFFFFF\" data-hover-background-color=\"#834337\" style=\"color: #FFFFFF;background-color: #A15547;padding: 5px 15px\">\n\t<span class=\"qodef-m-text\">Neem contact met mij op<\/span>\n<\/a>[\/vc_column_inner][vc_column_inner width=&#8221;1\/12&#8243;][\/vc_column_inner][vc_column_inner width=&#8221;4\/12&#8243;][\/vc_column_inner][\/vc_row_inner][\/vc_column][\/vc_row]<\/p>\n<\/div>","protected":false},"excerpt":{"rendered":"<p>[vc_row css=&#8221;.vc_custom_1745324476608{padding-bottom: 20px !important;background-color: #FFFFFF !important;}&#8221;][vc_column css=&#8221;.vc_custom_1575970423449{padding-top: 110px !important;padding-bottom: 61px !important;}&#8221;][vc_row_inner row_content_width=&#8221;grid&#8221;][vc_column_inner width=&#8221;7\/12&#8243;][vc_column_text css=&#8221;.vc_custom_1749538913221{margin-bottom: 27px !important;}&#8221;] Ruimte voor jezelf, rust in je hoofd Soms nemen oude delen in onszelf het over \u2014 stemmen die willen pleasen, controleren of beschermen. Juist in moeilijke momenten verdwijnt ons volwassen zelf even naar de achtergrond. Deze foto verbeeldt hoe [&hellip;]<\/p>\n","protected":false},"author":1,"featured_media":0,"parent":2833,"menu_order":0,"comment_status":"closed","ping_status":"closed","template":"page-full-width.php","meta":{"_seopress_robots_primary_cat":"","_seopress_titles_title":"","_seopress_titles_desc":"","_seopress_robots_index":"","footnotes":""},"class_list":["post-2837","page","type-page","status-publish","hentry"],"_links":{"self":[{"href":"https:\/\/yunoni.nl\/nl\/wp-json\/wp\/v2\/pages\/2837","targetHints":{"allow":["GET"]}}],"collection":[{"href":"https:\/\/yunoni.nl\/nl\/wp-json\/wp\/v2\/pages"}],"about":[{"href":"https:\/\/yunoni.nl\/nl\/wp-json\/wp\/v2\/types\/page"}],"author":[{"embeddable":true,"href":"https:\/\/yunoni.nl\/nl\/wp-json\/wp\/v2\/users\/1"}],"replies":[{"embeddable":true,"href":"https:\/\/yunoni.nl\/nl\/wp-json\/wp\/v2\/comments?post=2837"}],"version-history":[{"count":0,"href":"https:\/\/yunoni.nl\/nl\/wp-json\/wp\/v2\/pages\/2837\/revisions"}],"up":[{"embeddable":true,"href":"https:\/\/yunoni.nl\/nl\/wp-json\/wp\/v2\/pages\/2833"}],"wp:attachment":[{"href":"https:\/\/yunoni.nl\/nl\/wp-json\/wp\/v2\/media?parent=2837"}],"curies":[{"name":"wp","href":"https:\/\/api.w.org\/{rel}","templated":true}]}}